{"id":223,"date":"2023-11-06T23:39:11","date_gmt":"2023-11-07T04:39:11","guid":{"rendered":"https:\/\/labomarette.com\/?page_id=223"},"modified":"2024-02-21T14:45:20","modified_gmt":"2024-02-21T19:45:20","slug":"223-2","status":"publish","type":"page","link":"https:\/\/labomarette.com\/en\/223-2\/","title":{"rendered":"Cr\u00e9dits"},"content":{"rendered":"<p>[et_pb_section fb_built=\u00a0\u00bb1&Prime; next_background_color=\u00a0\u00bb#f5f3ee\u00a0\u00bb admin_label=\u00a0\u00bbHeader\u00a0\u00bb _builder_version=\u00a0\u00bb4.22.1&Prime; _module_preset=\u00a0\u00bbdefault\u00a0\u00bb use_background_color_gradient=\u00a0\u00bbon\u00a0\u00bb background_color_gradient_stops=\u00a0\u00bbrgba(12,113,195,0.3) 0%|rgba(12,113,195,0.25) 100%\u00a0\u00bb background_color_gradient_overlays_image=\u00a0\u00bbon\u00a0\u00bb background_color_gradient_start=\u00a0\u00bbrgba(15,57,59,0.8)\u00a0\u00bb background_color_gradient_end=\u00a0\u00bbrgba(15,57,59,0.8)\u00a0\u00bb background_image=\u00a0\u00bbhttps:\/\/labomarette.com\/wp-content\/uploads\/2023\/10\/pexels-artem-podrez-5726808.jpg\u00a0\u00bb custom_padding=\u00a0\u00bb4vw||4vw||true|false\u00a0\u00bb bottom_divider_style=\u00a0\u00bbarrow3&Prime; locked=\u00a0\u00bboff\u00a0\u00bb global_colors_info=\u00a0\u00bb{}\u00a0\u00bb][et_pb_row custom_padding_last_edited=\u00a0\u00bbon|phone\u00a0\u00bb _builder_version=\u00a0\u00bb4.22.1&Prime; _module_preset=\u00a0\u00bbdefault\u00a0\u00bb width=\u00a0\u00bb100%\u00a0\u00bb custom_padding=\u00a0\u00bb30px||||false|false\u00a0\u00bb custom_padding_tablet=\u00a0\u00bb||50px||false|false\u00a0\u00bb custom_padding_phone=\u00a0\u00bb50px||75px||false|false\u00a0\u00bb global_colors_info=\u00a0\u00bb{}\u00a0\u00bb][et_pb_column type=\u00a0\u00bb4_4&Prime; _builder_version=\u00a0\u00bb4.16&Prime; _module_preset=\u00a0\u00bbdefault\u00a0\u00bb custom_padding=\u00a0\u00bb|190px||190px|false|true\u00a0\u00bb custom_padding_tablet=\u00a0\u00bb|30px||30px|false|true\u00a0\u00bb custom_padding_phone=\u00a0\u00bb|20px||20px|false|true\u00a0\u00bb custom_padding_last_edited=\u00a0\u00bbon|desktop\u00a0\u00bb global_colors_info=\u00a0\u00bb{}\u00a0\u00bb][et_pb_text _builder_version=\u00a0\u00bb4.22.1&Prime; _module_preset=\u00a0\u00bbe864d11f-3dab-4fa3-ac06-4f0e1a260807&Prime; header_font=\u00a0\u00bbDM Sans||||||||\u00a0\u00bb header_text_align=\u00a0\u00bbcenter\u00a0\u00bb header_text_color=\u00a0\u00bb#FFFFFF\u00a0\u00bb header_font_size=\u00a0\u00bb64px\u00a0\u00bb header_letter_spacing=\u00a0\u00bb-0.02em\u00a0\u00bb header_line_height=\u00a0\u00bb1.15em\u00a0\u00bb custom_margin=\u00a0\u00bb|0px|0px||false|false\u00a0\u00bb header_font_size_tablet=\u00a0\u00bb40px\u00a0\u00bb header_font_size_phone=\u00a0\u00bb24px\u00a0\u00bb header_font_size_last_edited=\u00a0\u00bbon|desktop\u00a0\u00bb locked=\u00a0\u00bboff\u00a0\u00bb global_colors_info=\u00a0\u00bb{}\u00a0\u00bb]<\/p>\n<h1>\u00a0Cr\u00e9dits<\/h1>\n<p>[\/et_pb_text][\/et_pb_column][\/et_pb_row][\/et_pb_section][et_pb_section fb_built=\u00a0\u00bb1&Prime; admin_label=\u00a0\u00bbFeatures\u00a0\u00bb _builder_version=\u00a0\u00bb4.22.1&Prime; _module_preset=\u00a0\u00bbdefault\u00a0\u00bb background_color=\u00a0\u00bb#f5f3ee\u00a0\u00bb min_height=\u00a0\u00bb723.1px\u00a0\u00bb custom_padding=\u00a0\u00bb0px||200px||false|false\u00a0\u00bb locked=\u00a0\u00bboff\u00a0\u00bb global_colors_info=\u00a0\u00bb{}\u00a0\u00bb][et_pb_row _builder_version=\u00a0\u00bb4.22.1&Prime; _module_preset=\u00a0\u00bbdefault\u00a0\u00bb global_colors_info=\u00a0\u00bb{}\u00a0\u00bb][et_pb_column type=\u00a0\u00bb4_4&Prime; _builder_version=\u00a0\u00bb4.22.1&Prime; _module_preset=\u00a0\u00bbdefault\u00a0\u00bb global_colors_info=\u00a0\u00bb{}\u00a0\u00bb][dnxte_coverflowslider_parent _builder_version=\u00a0\u00bb4.22.1&Prime; _module_preset=\u00a0\u00bbdefault\u00a0\u00bb hover_enabled=\u00a0\u00bb0&Prime; global_colors_info=\u00a0\u00bb{}\u00a0\u00bb sticky_enabled=\u00a0\u00bb0&Prime;][dnxte_coverflowslider_child coverflowslider_layouts=\u00a0\u00bbbelow-image\u00a0\u00bb coverflowslider_text=\u00a0\u00bbDr Andr\u00e9 Marette reconnu comme expert mondial en ob\u00e9sit\u00e9\u00a0\u00bb coverflowslider_image=\u00a0\u00bbhttps:\/\/labomarette.com\/wp-content\/uploads\/2024\/02\/dr_andre_marette_586x391_actu.png\u00a0\u00bb coverflowslider_alt=\u00a0\u00bbp\u00a0\u00bb _builder_version=\u00a0\u00bb4.22.1&Prime; _module_preset=\u00a0\u00bbdefault\u00a0\u00bb hover_enabled=\u00a0\u00bb0&Prime; global_colors_info=\u00a0\u00bb{}\u00a0\u00bb title_text=\u00a0\u00bbdr_andre_marette_586x391_actu\u00a0\u00bb dnxte_coverflow_button_text=\u00a0\u00bbVoir\u00a0\u00bb dnxte_coverflow_button_link=\u00a0\u00bbhttps:\/\/iucpq.qc.ca\/fr\/actualites\/dr-andre-marette-reconnu-comme-expert-mondial-en-obesite\u00a0\u00bb dnxte_coverflow_button_target=\u00a0\u00bb_blank\u00a0\u00bb sticky_enabled=\u00a0\u00bb0&Prime;][\/dnxte_coverflowslider_child][dnxte_coverflowslider_child coverflowslider_layouts=\u00a0\u00bbbelow-image\u00a0\u00bb coverflowslider_text=\u00a0\u00bbLa v\u00e9rit\u00e9 sur le sucre\u00a0\u00bb coverflowslider_image=\u00a0\u00bbhttps:\/\/labomarette.com\/wp-content\/uploads\/2023\/12\/gr_9782896496297.webp\u00a0\u00bb coverflowslider_alt=\u00a0\u00bbLa v\u00e9rit\u00e9 sur le sucre\u00a0\u00bb dnxte_coverflow_button_text=\u00a0\u00bbVoir\u00a0\u00bb dnxte_coverflow_button_link=\u00a0\u00bbhttps:\/\/www.leslibraires.ca\/livres\/la-verite-sur-le-sucre-andre-marette-9782853276672.html\u00a0\u00bb dnxte_coverflow_button_target=\u00a0\u00bb_blank\u00a0\u00bb _builder_version=\u00a0\u00bb4.22.1&Prime; _module_preset=\u00a0\u00bbdefault\u00a0\u00bb hover_enabled=\u00a0\u00bb0&Prime; global_colors_info=\u00a0\u00bb{}\u00a0\u00bb sticky_enabled=\u00a0\u00bb0&Prime;][\/dnxte_coverflowslider_child][dnxte_coverflowslider_child coverflowslider_layouts=\u00a0\u00bbbelow-image\u00a0\u00bb coverflowslider_text=\u00a0\u00bbDiab\u00e8te: des bact\u00e9ries en-dehors de l\u2019intestin jouent un r\u00f4le\u00a0\u00bb coverflowslider_image=\u00a0\u00bbhttps:\/\/labomarette.com\/wp-content\/uploads\/2024\/02\/decouverte-2-diabete.jpg\u00a0\u00bb _builder_version=\u00a0\u00bb4.22.1&Prime; _module_preset=\u00a0\u00bbdefault\u00a0\u00bb hover_enabled=\u00a0\u00bb0&Prime; global_colors_info=\u00a0\u00bb{}\u00a0\u00bb title_text=\u00a0\u00bbdecouverte-2-diabete\u00a0\u00bb dnxte_coverflow_button_text=\u00a0\u00bbVoir\u00a0\u00bb dnxte_coverflow_button_link=\u00a0\u00bbhttps:\/\/www.quebecscience.qc.ca\/sciences\/les-10-decouvertes-de-2020\/diabete-bacteries-intestin-jouent-role\/\u00a0\u00bb dnxte_coverflow_button_target=\u00a0\u00bb_blank\u00a0\u00bb sticky_enabled=\u00a0\u00bb0&Prime;][\/dnxte_coverflowslider_child][dnxte_coverflowslider_child coverflowslider_layouts=\u00a0\u00bbbelow-image\u00a0\u00bb coverflowslider_text=\u00a0\u00bbLe Microbiote et la Sant\u00e9\u00a0\u00bb coverflowslider_image=\u00a0\u00bbhttps:\/\/labomarette.com\/wp-content\/uploads\/2023\/12\/sucre-andre-marette.jpg\u00a0\u00bb dnxte_coverflow_button_text=\u00a0\u00bbVoir\u00a0\u00bb dnxte_coverflow_button_link=\u00a0\u00bbhttps:\/\/www.facebook.com\/watch\/live\/?ref=watch_permalink&#038;v=366721509176272&Prime; dnxte_coverflow_button_target=\u00a0\u00bb_blank\u00a0\u00bb _builder_version=\u00a0\u00bb4.22.1&Prime; _module_preset=\u00a0\u00bbdefault\u00a0\u00bb hover_enabled=\u00a0\u00bb0&Prime; global_colors_info=\u00a0\u00bb{}\u00a0\u00bb sticky_enabled=\u00a0\u00bb0&Prime;][\/dnxte_coverflowslider_child][dnxte_coverflowslider_child coverflowslider_image=\u00a0\u00bbhttps:\/\/labomarette.com\/wp-content\/uploads\/2024\/02\/maxresdefault.jpg\u00a0\u00bb coverflowslider_text=\u00a0\u00bbLe r\u00f4le de l&rsquo;enzyme iNOS\u00a0\u00bb _builder_version=\u00a0\u00bb4.22.1&Prime; _module_preset=\u00a0\u00bbdefault\u00a0\u00bb title_text=\u00a0\u00bbmaxresdefault\u00a0\u00bb dnxte_coverflow_button_text=\u00a0\u00bbVoir\u00a0\u00bb dnxte_coverflow_button_link=\u00a0\u00bbhttps:\/\/www.youtube.com\/watch?v=t7O_bJo_wEI\u00a0\u00bb coverflowslider_layouts=\u00a0\u00bbbelow-image\u00a0\u00bb dnxte_coverflow_button_target=\u00a0\u00bb_blank\u00a0\u00bb hover_enabled=\u00a0\u00bb0&Prime; sticky_enabled=\u00a0\u00bb0&Prime;][\/dnxte_coverflowslider_child][dnxte_coverflowslider_child coverflowslider_image=\u00a0\u00bbhttps:\/\/labomarette.com\/wp-content\/uploads\/2024\/02\/image.png\u00a0\u00bb coverflowslider_text=\u00a0\u00bbLe microbiote intestinal\u00a0\u00bb _builder_version=\u00a0\u00bb4.22.1&Prime; _module_preset=\u00a0\u00bbdefault\u00a0\u00bb title_text=\u00a0\u00bbimage\u00a0\u00bb coverflowslider_layouts=\u00a0\u00bbbelow-image\u00a0\u00bb dnxte_coverflow_button_text=\u00a0\u00bbVoir\u00a0\u00bb dnxte_coverflow_button_link=\u00a0\u00bbhttps:\/\/nouvelles.ulaval.ca\/2023\/12\/05\/lavenir-de-la-medecine-passe-par-le-microbiote-intestinal-a:9c17ec7c-6a0c-4e75-b1da-f587d923e92e\u00a0\u00bb hover_enabled=\u00a0\u00bb0&Prime; sticky_enabled=\u00a0\u00bb0&Prime;][\/dnxte_coverflowslider_child][\/dnxte_coverflowslider_parent][\/et_pb_column][\/et_pb_row][\/et_pb_section][et_pb_section fb_built=\u00a0\u00bb1&Prime; prev_background_color=\u00a0\u00bb#f5f3ee\u00a0\u00bb admin_label=\u00a0\u00bbFooter\u00a0\u00bb _builder_version=\u00a0\u00bb4.22.1&Prime; _module_preset=\u00a0\u00bbdefault\u00a0\u00bb background_color=\u00a0\u00bb#0C71C3&Prime; custom_padding=\u00a0\u00bb5vw||5vw||true|false\u00a0\u00bb top_divider_style=\u00a0\u00bbarrow2&Prime; saved_tabs=\u00a0\u00bball\u00a0\u00bb locked=\u00a0\u00bboff\u00a0\u00bb global_colors_info=\u00a0\u00bb{}\u00a0\u00bb][et_pb_row column_structure=\u00a0\u00bb1_2,1_2&Prime; custom_padding_last_edited=\u00a0\u00bbon|tablet\u00a0\u00bb _builder_version=\u00a0\u00bb4.22.1&Prime; _module_preset=\u00a0\u00bbdefault\u00a0\u00bb custom_padding=\u00a0\u00bb||50px|||\u00a0\u00bb custom_padding_tablet=\u00a0\u00bb70px||50px||false|false\u00a0\u00bb custom_padding_phone=\u00a0\u00bb91px||||false|false\u00a0\u00bb global_colors_info=\u00a0\u00bb{}\u00a0\u00bb][et_pb_column type=\u00a0\u00bb1_2&Prime; _builder_version=\u00a0\u00bb4.22.1&Prime; _module_preset=\u00a0\u00bbdefault\u00a0\u00bb global_colors_info=\u00a0\u00bb{}\u00a0\u00bb][et_pb_text _builder_version=\u00a0\u00bb4.22.1&Prime; _module_preset=\u00a0\u00bbdefault\u00a0\u00bb text_font=\u00a0\u00bb||||||||\u00a0\u00bb text_text_color=\u00a0\u00bb#FFFFFF\u00a0\u00bb text_line_height=\u00a0\u00bb2em\u00a0\u00bb header_2_font=\u00a0\u00bb|700|||||||\u00a0\u00bb header_2_text_align=\u00a0\u00bbleft\u00a0\u00bb header_2_text_color=\u00a0\u00bb#FFFFFF\u00a0\u00bb header_2_font_size=\u00a0\u00bb22px\u00a0\u00bb header_2_letter_spacing=\u00a0\u00bb4px\u00a0\u00bb background_enable_color=\u00a0\u00bboff\u00a0\u00bb background_enable_image=\u00a0\u00bboff\u00a0\u00bb z_index=\u00a0\u00bb16&Prime; text_orientation=\u00a0\u00bbright\u00a0\u00bb custom_margin=\u00a0\u00bb0px|0px|0px|0px|true|false\u00a0\u00bb custom_padding=\u00a0\u00bb0px|0px|0px|0px|true|true\u00a0\u00bb global_colors_info=\u00a0\u00bb{}\u00a0\u00bb]<\/p>\n<h2>Localisation<\/h2>\n<p>[\/et_pb_text][et_pb_divider color=\u00a0\u00bb#FFFFFF\u00a0\u00bb divider_weight=\u00a0\u00bb2px\u00a0\u00bb _builder_version=\u00a0\u00bb4.22.1&Prime; _module_preset=\u00a0\u00bbdefault\u00a0\u00bb background_enable_color=\u00a0\u00bboff\u00a0\u00bb max_width=\u00a0\u00bb15%\u00a0\u00bb module_alignment=\u00a0\u00bbleft\u00a0\u00bb custom_margin=\u00a0\u00bb|||0px|false|false\u00a0\u00bb global_colors_info=\u00a0\u00bb{}\u00a0\u00bb][\/et_pb_divider][et_pb_text _builder_version=\u00a0\u00bb4.22.1&Prime; _module_preset=\u00a0\u00bbdefault\u00a0\u00bb text_font=\u00a0\u00bb||||||||\u00a0\u00bb text_text_color=\u00a0\u00bb#FFFFFF\u00a0\u00bb text_font_size=\u00a0\u00bb18px\u00a0\u00bb custom_margin=\u00a0\u00bb|||0px|false|false\u00a0\u00bb custom_padding=\u00a0\u00bb|||0px||\u00a0\u00bb global_colors_info=\u00a0\u00bb{}\u00a0\u00bb]<\/p>\n<p>Centre de recherche de l&rsquo;Institut universitaire de cardiologie et pneumologie de Qu\u00e9bec,<\/p>\n<p>H\u00f4pital Laval,<\/p>\n<p>Pavillon Marguerite d&rsquo;Youville, Bureau Y4340,<\/p>\n<p>Ste-Foy, Qu\u00e9bec, Canada, G1V 4G5.<\/p>\n<p>[\/et_pb_text][\/et_pb_column][et_pb_column type=\u00a0\u00bb1_2&Prime; _builder_version=\u00a0\u00bb4.22.1&Prime; _module_preset=\u00a0\u00bbdefault\u00a0\u00bb global_colors_info=\u00a0\u00bb{}\u00a0\u00bb][et_pb_text _builder_version=\u00a0\u00bb4.22.1&Prime; _module_preset=\u00a0\u00bbdefault\u00a0\u00bb text_font=\u00a0\u00bb||||||||\u00a0\u00bb text_text_color=\u00a0\u00bb#FFFFFF\u00a0\u00bb text_line_height=\u00a0\u00bb2em\u00a0\u00bb header_2_font=\u00a0\u00bb|700|||||||\u00a0\u00bb header_2_text_align=\u00a0\u00bbright\u00a0\u00bb header_2_text_color=\u00a0\u00bb#FFFFFF\u00a0\u00bb header_2_font_size=\u00a0\u00bb22px\u00a0\u00bb header_2_letter_spacing=\u00a0\u00bb4px\u00a0\u00bb background_enable_color=\u00a0\u00bboff\u00a0\u00bb background_enable_image=\u00a0\u00bboff\u00a0\u00bb z_index=\u00a0\u00bb16&Prime; text_orientation=\u00a0\u00bbright\u00a0\u00bb custom_margin=\u00a0\u00bb0px|0px|0px|0px|true|false\u00a0\u00bb custom_padding=\u00a0\u00bb0px|0px|0px|0px|true|true\u00a0\u00bb header_2_text_align_tablet=\u00a0\u00bbleft\u00a0\u00bb header_2_text_align_phone=\u00a0\u00bbleft\u00a0\u00bb header_2_text_align_last_edited=\u00a0\u00bbon|tablet\u00a0\u00bb global_colors_info=\u00a0\u00bb{}\u00a0\u00bb]<\/p>\n<h2>Contact<\/h2>\n<p>[\/et_pb_text][et_pb_divider color=\u00a0\u00bb#FFFFFF\u00a0\u00bb divider_weight=\u00a0\u00bb2px\u00a0\u00bb _builder_version=\u00a0\u00bb4.22.1&Prime; _module_preset=\u00a0\u00bbdefault\u00a0\u00bb background_enable_color=\u00a0\u00bboff\u00a0\u00bb max_width=\u00a0\u00bb15%\u00a0\u00bb module_alignment=\u00a0\u00bbright\u00a0\u00bb custom_margin=\u00a0\u00bb|||0px|false|false\u00a0\u00bb module_alignment_tablet=\u00a0\u00bbleft\u00a0\u00bb module_alignment_phone=\u00a0\u00bbleft\u00a0\u00bb module_alignment_last_edited=\u00a0\u00bbon|tablet\u00a0\u00bb global_colors_info=\u00a0\u00bb{}\u00a0\u00bb][\/et_pb_divider][et_pb_text _builder_version=\u00a0\u00bb4.22.1&Prime; _module_preset=\u00a0\u00bbdefault\u00a0\u00bb text_font=\u00a0\u00bb||||||||\u00a0\u00bb text_text_color=\u00a0\u00bb#FFFFFF\u00a0\u00bb text_font_size=\u00a0\u00bb18px\u00a0\u00bb text_orientation=\u00a0\u00bbright\u00a0\u00bb module_alignment=\u00a0\u00bbcenter\u00a0\u00bb custom_margin=\u00a0\u00bb|||0px|false|false\u00a0\u00bb custom_padding=\u00a0\u00bb|||0px||\u00a0\u00bb text_orientation_tablet=\u00a0\u00bbleft\u00a0\u00bb text_orientation_phone=\u00a0\u00bbleft\u00a0\u00bb text_orientation_last_edited=\u00a0\u00bbon|tablet\u00a0\u00bb global_colors_info=\u00a0\u00bb{}\u00a0\u00bb]<\/p>\n<p>genevieve.pilon@criucpq.ulaval.ca<\/p>\n<p>[\/et_pb_text][et_pb_button button_url=\u00a0\u00bb#\u00a0\u00bb button_text=\u00a0\u00bbNous joindre\u00a0\u00bb button_alignment=\u00a0\u00bbcenter\u00a0\u00bb button_alignment_tablet=\u00a0\u00bbleft\u00a0\u00bb button_alignment_phone=\u00a0\u00bbleft\u00a0\u00bb button_alignment_last_edited=\u00a0\u00bbon|tablet\u00a0\u00bb _builder_version=\u00a0\u00bb4.22.1&Prime; _module_preset=\u00a0\u00bb94ef7aca-dcd9-4f9d-93b2-efa3466cebc7&Prime; custom_button=\u00a0\u00bbon\u00a0\u00bb button_text_size=\u00a0\u00bb14px\u00a0\u00bb button_text_color=\u00a0\u00bb#0C71C3&Prime; button_bg_color=\u00a0\u00bb#FFFFFF\u00a0\u00bb button_border_width=\u00a0\u00bb0px\u00a0\u00bb button_border_radius=\u00a0\u00bb37px\u00a0\u00bb button_letter_spacing=\u00a0\u00bb2px\u00a0\u00bb button_font=\u00a0\u00bbDM Sans|700||on|||||\u00a0\u00bb custom_margin=\u00a0\u00bb30px|-348px|||false|false\u00a0\u00bb custom_padding=\u00a0\u00bb15px|22px|12px|22px|false|true\u00a0\u00bb locked=\u00a0\u00bboff\u00a0\u00bb global_colors_info=\u00a0\u00bb{}\u00a0\u00bb][\/et_pb_button][\/et_pb_column][\/et_pb_row][et_pb_row _builder_version=\u00a0\u00bb4.16&Prime; _module_preset=\u00a0\u00bbdefault\u00a0\u00bb custom_padding=\u00a0\u00bb0px||||false|false\u00a0\u00bb global_colors_info=\u00a0\u00bb{}\u00a0\u00bb][et_pb_column type=\u00a0\u00bb4_4&Prime; _builder_version=\u00a0\u00bb4.16&Prime; _module_preset=\u00a0\u00bbdefault\u00a0\u00bb global_colors_info=\u00a0\u00bb{}\u00a0\u00bb][et_pb_text _builder_version=\u00a0\u00bb4.22.1&Prime; _module_preset=\u00a0\u00bbdefault\u00a0\u00bb text_font=\u00a0\u00bb|600|||||||\u00a0\u00bb text_text_color=\u00a0\u00bb#FFFFFF\u00a0\u00bb text_font_size=\u00a0\u00bb16px\u00a0\u00bb text_orientation=\u00a0\u00bbcenter\u00a0\u00bb module_alignment=\u00a0\u00bbcenter\u00a0\u00bb global_colors_info=\u00a0\u00bb{}\u00a0\u00bb]<\/p>\n<p>\u00a9 2023, Tous droits r\u00e9serv\u00e9s <span>| Universit\u00e9 Laval, CRIUCPQ | Laboratoire du Dr Andr\u00e9 Marette <\/span><\/p>\n<p>[\/et_pb_text][et_pb_text _builder_version=\u00a0\u00bb4.22.1&Prime; _module_preset=\u00a0\u00bbdefault\u00a0\u00bb text_font=\u00a0\u00bb|600|||||||\u00a0\u00bb text_text_color=\u00a0\u00bb#FFFFFF\u00a0\u00bb text_font_size=\u00a0\u00bb16px\u00a0\u00bb text_orientation=\u00a0\u00bbcenter\u00a0\u00bb module_alignment=\u00a0\u00bbcenter\u00a0\u00bb custom_margin=\u00a0\u00bb-26px|||||\u00a0\u00bb link_option_url=\u00a0\u00bbhttps:\/\/optimum-solution.ca\/\u00a0\u00bb global_colors_info=\u00a0\u00bb{}\u00a0\u00bb]<\/p>\n<p>Site web r\u00e9alis\u00e9 par Optimum Solution S.E.N.C<\/p>\n<p>[\/et_pb_text][\/et_pb_column][\/et_pb_row][\/et_pb_section]<\/p>\n","protected":false},"excerpt":{"rendered":"<p>\u00a0Cr\u00e9dits<div class=\"et_pb_module dnxte_coverflowslider_parent dnxte_coverflowslider_parent_0\">\n\t\t\t\t\n\t\t\t\t\n\t\t\t\t\n\t\t\t\t\n\t\t\t\t\n\t\t\t\t\n\t\t\t\t<div class=\"et_pb_module_inner\">\n\t\t\t\t\t<div class=\"et_pb_module dnxte_coverflowslider_parent dnxte_coverflowslider_parent_0\">\n\t\t\t\t\n\t\t\t\t\n\t\t\t\t\n\t\t\t\t\n\t\t\t\t\n\t\t\t\t\n\t\t\t\t<div class=\"et_pb_module_inner\">\n\t\t\t\t\t<div class=\"coverflow-container  arrow-position-bottom\">\r\n                <div class=\"swiper-container dnxte-coverflowslider-active swiper-container-initialized swiper-container-horizontal\" data-autoplay=\"1\" data-delay=\"2000\" data-direction=\"horizontal\" data-speed=\"400\" data-loop=\"off\" data-pagination-type=\"bullets\" data-pagination-bullets=\"on\"   data-breakpoints=\"3|1|1\" data-spacing=\"15\" data-grab=\"off\" data-center=\"\" data-keyboardenable=\"on\"  data-covershadow=\"off\" data-coverrotate=\"0\" data-coverstretch=\"0\" data-coverdepth=\"0\" data-autoheight=\"off\" data-pauseonhover=\"1\" data-mouse=\"on\">\r\n                    <div class=\"swiper-wrapper\" data-lightbox=\"off\" data-orderclass=\"dnxte_coverflowslider_parent_0\">\r\n                        \r\n                    <\/div>\r\n                    <div class=\"swiper-pagination swiper-pagination-clickable swiper-pagination-bullets swiper-pagination-bullets-dynamic mt-10\"><\/div>\r\n                <\/div>\r\n                \r\n            <\/div>\n\t\t\t\t<\/div>\n\t\t\t<\/div>\n\t\t\t\t<\/div>\n\t\t\t<\/div><div class=\"et_pb_module dnxte_coverflowslider_child dnxte_coverflowslider_child_0\">\n\t\t\t\t\n\t\t\t\t\n\t\t\t\t\n\t\t\t\t\n\t\t\t\t\n\t\t\t\t\n\t\t\t\t<div class=\"et_pb_module_inner\">\n\t\t\t\t\t<div class=\"dnxte-coverflow-image-container\" data-image-position=\"\">\r\n                <a href=\"https:\/\/labomarette.com\/wp-content\/uploads\/2024\/02\/dr_andre_marette_586x391_actu.png\" class=\"dnxte-coverflow-image-link\" data-title=\"Dr Andr\u00e9 Marette reconnu comme expert mondial en ob\u00e9sit\u00e9\" data-link=\",_self\">\r\n                    <div class=\"dnxte-coverflow-overlay-color\"><\/div>\r\n                    <div class=\"dnxte-coverflow-overlay-color-hover\"><\/div>\r\n                    <img loading=\"lazy\" decoding=\"async\" width=\"586\" height=\"391\" src=\"https:\/\/labomarette.com\/wp-content\/uploads\/2024\/02\/dr_andre_marette_586x391_actu.png\" alt=\"p\" title=\"\" srcset=\"https:\/\/i0.wp.com\/labomarette.com\/wp-content\/uploads\/2024\/02\/dr_andre_marette_586x391_actu.png?w=586&ssl=1 586w, https:\/\/i0.wp.com\/labomarette.com\/wp-content\/uploads\/2024\/02\/dr_andre_marette_586x391_actu.png?resize=300%2C200&ssl=1 300w, https:\/\/i0.wp.com\/labomarette.com\/wp-content\/uploads\/2024\/02\/dr_andre_marette_586x391_actu.png?resize=18%2C12&ssl=1 18w, https:\/\/i0.wp.com\/labomarette.com\/wp-content\/uploads\/2024\/02\/dr_andre_marette_586x391_actu.png?resize=480%2C320&ssl=1 480w\" sizes=\"auto, (max-width: 586px) 100vw, 586px\" class=\"wp-image-554 img-fluid\" \/>\r\n                <\/a>\r\n            <\/div>\r\n            <div class=\"dnxte-coverflow-multitext\">\r\n                <h3 class=\"dnxte-coverflow-heading\">Dr Andr\u00e9 Marette reconnu comme expert mondial en ob\u00e9sit\u00e9<\/h3>\r\n                \r\n                <div class=\"dnxte-coverflow-button-wrapper\">\r\n                        <a class=\"dnxte-coverflow-button\" href=\"https:\/\/iucpq.qc.ca\/fr\/actualites\/dr-andre-marette-reconnu-comme-expert-mondial-en-obesite\" target=\"_blank\">Voir<\/a>\r\n                    <\/div>\r\n            <\/div>\n\t\t\t\t<\/div>\n\t\t\t<\/div><div class=\"et_pb_module dnxte_coverflowslider_child dnxte_coverflowslider_child_1\">\n\t\t\t\t\n\t\t\t\t\n\t\t\t\t\n\t\t\t\t\n\t\t\t\t\n\t\t\t\t\n\t\t\t\t<div class=\"et_pb_module_inner\">\n\t\t\t\t\t<div class=\"dnxte-coverflow-image-container\" data-image-position=\"\">\r\n                <a href=\"https:\/\/labomarette.com\/wp-content\/uploads\/2023\/12\/gr_9782896496297.webp\" class=\"dnxte-coverflow-image-link\" data-title=\"La v\u00e9rit\u00e9 sur le sucre\" data-link=\",_self\">\r\n                    <div class=\"dnxte-coverflow-overlay-color\"><\/div>\r\n                    <div class=\"dnxte-coverflow-overlay-color-hover\"><\/div>\r\n                    <img loading=\"lazy\" decoding=\"async\" width=\"1400\" height=\"1900\" src=\"https:\/\/labomarette.com\/wp-content\/uploads\/2023\/12\/gr_9782896496297.webp\" alt=\"La v\u00e9rit\u00e9 sur le sucre\" title=\"\" srcset=\"https:\/\/i0.wp.com\/labomarette.com\/wp-content\/uploads\/2023\/12\/gr_9782896496297.webp?w=1400&ssl=1 1400w, https:\/\/i0.wp.com\/labomarette.com\/wp-content\/uploads\/2023\/12\/gr_9782896496297.webp?resize=221%2C300&ssl=1 221w, https:\/\/i0.wp.com\/labomarette.com\/wp-content\/uploads\/2023\/12\/gr_9782896496297.webp?resize=755%2C1024&ssl=1 755w, https:\/\/i0.wp.com\/labomarette.com\/wp-content\/uploads\/2023\/12\/gr_9782896496297.webp?resize=768%2C1042&ssl=1 768w, https:\/\/i0.wp.com\/labomarette.com\/wp-content\/uploads\/2023\/12\/gr_9782896496297.webp?resize=1132%2C1536&ssl=1 1132w, https:\/\/i0.wp.com\/labomarette.com\/wp-content\/uploads\/2023\/12\/gr_9782896496297.webp?resize=9%2C12&ssl=1 9w, https:\/\/i0.wp.com\/labomarette.com\/wp-content\/uploads\/2023\/12\/gr_9782896496297.webp?resize=1200%2C1629&ssl=1 1200w, https:\/\/i0.wp.com\/labomarette.com\/wp-content\/uploads\/2023\/12\/gr_9782896496297.webp?resize=1080%2C1466&ssl=1 1080w, https:\/\/i0.wp.com\/labomarette.com\/wp-content\/uploads\/2023\/12\/gr_9782896496297.webp?resize=1280%2C1737&ssl=1 1280w, https:\/\/i0.wp.com\/labomarette.com\/wp-content\/uploads\/2023\/12\/gr_9782896496297.webp?resize=980%2C1330&ssl=1 980w, https:\/\/i0.wp.com\/labomarette.com\/wp-content\/uploads\/2023\/12\/gr_9782896496297.webp?resize=480%2C651&ssl=1 480w\" sizes=\"auto, (max-width: 1080px) 100vw, 1080px\" class=\"wp-image-278 img-fluid\" \/>\r\n                <\/a>\r\n            <\/div>\r\n            <div class=\"dnxte-coverflow-multitext\">\r\n                <h3 class=\"dnxte-coverflow-heading\">La v\u00e9rit\u00e9 sur le sucre<\/h3>\r\n                \r\n                <div class=\"dnxte-coverflow-button-wrapper\">\r\n                        <a class=\"dnxte-coverflow-button\" href=\"https:\/\/www.leslibraires.ca\/livres\/la-verite-sur-le-sucre-andre-marette-9782853276672.html\" target=\"_blank\">Voir<\/a>\r\n                    <\/div>\r\n            <\/div>\n\t\t\t\t<\/div>\n\t\t\t<\/div><div class=\"et_pb_module dnxte_coverflowslider_child dnxte_coverflowslider_child_2\">\n\t\t\t\t\n\t\t\t\t\n\t\t\t\t\n\t\t\t\t\n\t\t\t\t\n\t\t\t\t\n\t\t\t\t<div class=\"et_pb_module_inner\">\n\t\t\t\t\t<div class=\"dnxte-coverflow-image-container\" data-image-position=\"\">\r\n                <a href=\"\" class=\"dnxte-coverflow-image-link\" data-title=\"\u00bbDiab\u00e8te:\" data-link=\",_self\">\r\n                    <div class=\"dnxte-coverflow-overlay-color\"><\/div>\r\n                    <div class=\"dnxte-coverflow-overlay-color-hover\"><\/div>\r\n                    \r\n                <\/a>\r\n            <\/div>\r\n            <div class=\"dnxte-coverflow-multitext\">\r\n                <h3 class=\"dnxte-coverflow-heading\">\u00bbDiab\u00e8te:<\/h3>\r\n                \r\n                \r\n            <\/div>\n\t\t\t\t<\/div>\n\t\t\t<\/div><\/p>","protected":false},"author":241313105,"featured_media":0,"parent":0,"menu_order":0,"comment_status":"closed","ping_status":"closed","template":"","meta":{"_et_pb_use_builder":"on","_et_pb_old_content":"","_et_gb_content_width":"","_crdt_document":"","advanced_seo_description":"","jetpack_seo_html_title":"","jetpack_seo_noindex":false,"footnotes":""},"class_list":["post-223","page","type-page","status-publish","hentry"],"jetpack_likes_enabled":true,"jetpack_sharing_enabled":true,"jetpack_shortlink":"https:\/\/wp.me\/PfcXZZ-3B","jetpack-related-posts":[],"_links":{"self":[{"href":"https:\/\/labomarette.com\/en\/wp-json\/wp\/v2\/pages\/223","targetHints":{"allow":["GET"]}}],"collection":[{"href":"https:\/\/labomarette.com\/en\/wp-json\/wp\/v2\/pages"}],"about":[{"href":"https:\/\/labomarette.com\/en\/wp-json\/wp\/v2\/types\/page"}],"author":[{"embeddable":true,"href":"https:\/\/labomarette.com\/en\/wp-json\/wp\/v2\/users\/241313105"}],"replies":[{"embeddable":true,"href":"https:\/\/labomarette.com\/en\/wp-json\/wp\/v2\/comments?post=223"}],"version-history":[{"count":12,"href":"https:\/\/labomarette.com\/en\/wp-json\/wp\/v2\/pages\/223\/revisions"}],"predecessor-version":[{"id":560,"href":"https:\/\/labomarette.com\/en\/wp-json\/wp\/v2\/pages\/223\/revisions\/560"}],"wp:attachment":[{"href":"https:\/\/labomarette.com\/en\/wp-json\/wp\/v2\/media?parent=223"}],"curies":[{"name":"wp","href":"https:\/\/api.w.org\/{rel}","templated":true}]}}